{"id":39,"date":"2019-05-10T09:57:22","date_gmt":"2019-05-10T06:57:22","guid":{"rendered":"http:\/\/teens.kiterra.kiev.ua\/manya\/?page_id=39"},"modified":"2026-04-15T13:26:40","modified_gmt":"2026-04-15T10:26:40","slug":"mainpage","status":"publish","type":"page","link":"https:\/\/teens.kiterra.kiev.ua\/manya\/","title":{"rendered":"\u0425\u0442\u043e \u044f?"},"content":{"rendered":"<p>[et_pb_section fb_built=&#8221;1&#8243; admin_label=&#8221;section&#8221; _builder_version=&#8221;4.16&#8243; global_colors_info=&#8221;{}&#8221;][et_pb_row admin_label=&#8221;row&#8221; _builder_version=&#8221;4.16&#8243; background_size=&#8221;initial&#8221; background_position=&#8221;top_left&#8221; background_repeat=&#8221;repeat&#8221; global_colors_info=&#8221;{}&#8221; column_structure=&#8221;1_2,1_2&#8243;][et_pb_column type=&#8221;1_2&#8243; _builder_version=&#8221;4.16&#8243; custom_padding=&#8221;|||&#8221; global_colors_info=&#8221;{}&#8221; custom_padding__hover=&#8221;|||&#8221;][et_pb_text admin_label=&#8221;\u00d0\u00a2\u00d0\u00b5\u00d0\u00ba\u00d1\u0081\u00d1\u0082&#8221; _builder_version=&#8221;4.16&#8243; header_font=&#8221;Arial||||&#8221; background_color=&#8221;#edef53&#8243; background_size=&#8221;initial&#8221; background_position=&#8221;top_left&#8221; background_repeat=&#8221;repeat&#8221; custom_padding=&#8221;50px|50px|50px|50px&#8221; use_border_color=&#8221;off&#8221; border_color=&#8221;#ffffff&#8221; border_style=&#8221;solid&#8221; global_colors_info=&#8221;{}&#8221;]<span style=\"font-size: 14pt;font-family: helvetica, arial, sans-serif\"><strong>\u00d0\u00af \u00d0\u009c\u00d0\u00b0\u00d0\u00bd\u00d1\u008f, \u00d0\u00b7\u00d0\u00b0\u00d1\u0080\u00d0\u00b0\u00d0\u00b7 \u00d0\u00bc\u00d0\u00b5\u00d0\u00bd\u00d1\u0096 16 \u00d1\u0080\u00d0\u00be\u00d0\u00ba\u00d1\u0096\u00d0\u00b2. \u00d0\u0097\u00d0\u00b0\u00d0\u00b7\u00d0\u00b2\u00d0\u00b8\u00d1\u0087\u00d0\u00b0\u00d0\u00b9 \u00d0\u00bf\u00d0\u00b5\u00d1\u0080\u00d1\u0088\u00d0\u00b5, \u00d1\u0089\u00d0\u00be \u00d0\u00bf\u00d0\u00b8\u00d1\u0082\u00d0\u00b0\u00d1\u008e\u00d1\u0082\u00d1\u008c \u00d1\u0083 \u00d0\u00bb\u00d1\u008e\u00d0\u00b4\u00d0\u00b5\u00d0\u00b9 \u00d0\u00bc\u00d0\u00be\u00d0\u00b3\u00d0\u00be \u00d0\u00b2\u00d1\u0096\u00d0\u00ba\u00d1\u0083 \u00d1\u0096\u00d0\u00bd\u00d1\u0088\u00d1\u0096 ( \u00d0\u00b2 \u00d0\u00bd\u00d0\u00b5\u00d0\u00b7\u00d0\u00b0\u00d0\u00bb\u00d0\u00b5\u00d0\u00b6\u00d0\u00bd\u00d0\u00be\u00d1\u0081\u00d1\u0082\u00d1\u0096 \u00d0\u00b2\u00d1\u0096\u00d0\u00b4 \u00d1\u0082\u00d0\u00be\u00d0\u00b3\u00d0\u00be, \u00d1\u0086\u00d1\u0096\u00d0\u00ba\u00d0\u00b0\u00d0\u00b2\u00d0\u00b8\u00d1\u0082\u00d1\u008c \u00d1\u0097\u00d1\u0085 \u00d1\u0086\u00d0\u00b5 \u00d1\u0087\u00d0\u00b8 \u00d0\u00bd\u00d1\u0096) &#8211; &#8220;\u00d1\u0089\u00d0\u00be \u00d0\u00b7\u00d0\u00b4\u00d0\u00b0\u00d0\u00b2\u00d0\u00b0\u00d1\u0082\u00d0\u00b8\u00d0\u00bc\u00d0\u00b5\u00d1\u0088 \u00d0\u00bd\u00d0\u00b0 \u00d0\u0097\u00d0\u009d\u00d0\u009e?&#8221;. \u00d0\u0097\u00d0\u00b4\u00d0\u00b0\u00d0\u00b2\u00d0\u00b0\u00d1\u0082\u00d0\u00b8\u00d0\u00bc\u00d1\u0083 \u00d0\u00b1\u00d1\u0096\u00d0\u00be\u00d0\u00bb\u00d0\u00be\u00d0\u00b3\u00d1\u0096\u00d1\u008e, \u00d0\u00b0\u00d0\u00bb\u00d0\u00b5 \u00d0\u00bc\u00d1\u0096\u00d0\u00b9 \u00d0\u00b1\u00d0\u00bb\u00d0\u00be\u00d0\u00b3 \u00d0\u00bf\u00d1\u0080\u00d0\u00b8\u00d1\u0081\u00d0\u00b2\u00d1\u008f\u00d1\u0087\u00d0\u00b5\u00d0\u00bd\u00d0\u00b8\u00d0\u00b9 \u00d0\u00bd\u00d0\u00b5 \u00d1\u0097\u00d0\u00b9.<\/strong><\/span><\/p>\n<p><span style=\"font-size: 14pt;font-family: helvetica, arial, sans-serif\"><strong>\u00d0\u0097\u00d0\u00b0 \u00d1\u0081\u00d0\u00b2\u00d0\u00be\u00d1\u0094 \u00d0\u00b6\u00d0\u00b8\u00d1\u0082\u00d1\u0082\u00d1\u008f \u00d1\u008f \u00d0\u00b7\u00d0\u00b0\u00d0\u00b9\u00d0\u00bc\u00d0\u00b0\u00d0\u00bb\u00d0\u00b0\u00d1\u0081\u00d1\u008f \u00d0\u00b1\u00d0\u00b0\u00d0\u00b3\u00d0\u00b0\u00d1\u0082\u00d0\u00be \u00d1\u0087\u00d0\u00b8\u00d0\u00bc, \u00d1\u0096 \u00d0\u00b2\u00d1\u0081\u00d1\u0096\u00d0\u00bc, \u00d1\u0087\u00d0\u00b8\u00d0\u00bc \u00d0\u00b7\u00d0\u00b0\u00d0\u00b9\u00d0\u00bc\u00d0\u00b0\u00d0\u00bb\u00d0\u00b0\u00d1\u0081\u00d1\u008f, \u00d0\u00b7\u00d0\u00b0\u00d0\u00b9\u00d0\u00bc\u00d0\u00b0\u00d0\u00bb\u00d0\u00b0\u00d1\u0081\u00d1\u008f \u00d0\u00bf\u00d1\u0080\u00d0\u00be\u00d1\u0084\u00d0\u00b5\u00d1\u0081\u00d1\u0096\u00d0\u00b9\u00d0\u00bd\u00d0\u00be. &#8220;\u00d0\u009f\u00d1\u0080\u00d0\u00be\u00d1\u0084\u00d0\u00b5\u00d1\u0081\u00d1\u0096\u00d0\u00b9\u00d0\u00bd\u00d0\u00be&#8221; &#8211; \u00d1\u0081\u00d0\u00bb\u00d0\u00be\u00d0\u00b2\u00d0\u00be, \u00d1\u0089\u00d0\u00be \u00d0\u00be\u00d0\u00b1\u00d0\u00bc\u00d0\u00b5\u00d0\u00b6\u00d1\u0083\u00d1\u0094 \u00d0\u00bb\u00d1\u008e\u00d0\u00b4\u00d0\u00b8\u00d0\u00bd\u00d1\u0083, \u00d0\u00bd\u00d0\u00b0 \u00d0\u00bc\u00d0\u00be\u00d1\u008e \u00d0\u00b4\u00d1\u0083\u00d0\u00bc\u00d0\u00ba\u00d1\u0083, \u00d0\u00bd\u00d0\u00b0\u00d0\u00b9\u00d0\u00b1\u00d1\u0096\u00d0\u00bb\u00d1\u008c\u00d1\u0088\u00d0\u00b5: \u00d0\u00b2\u00d0\u00be\u00d0\u00bd\u00d0\u00be \u00d0\u00bf\u00d1\u0080\u00d0\u00b8\u00d0\u00bc\u00d1\u0083\u00d1\u0088\u00d1\u0083\u00d1\u0094 \u00d0\u00bd\u00d0\u00b0\u00d1\u0081 \u00d0\u00b2\u00d1\u0096\u00d0\u00b4\u00d0\u00b4\u00d0\u00b0\u00d0\u00b2\u00d0\u00b0\u00d1\u0082\u00d0\u00b8 \u00d0\u00bf\u00d0\u00b5\u00d1\u0080\u00d0\u00b5\u00d0\u00b2\u00d0\u00b0\u00d0\u00b3\u00d1\u0083 \u00d1\u0087\u00d0\u00be\u00d0\u00bc\u00d1\u0083\u00d1\u0081\u00d1\u008c \u00d0\u00be\u00d0\u00b4\u00d0\u00bd\u00d0\u00be\u00d0\u00bc\u00d1\u0083 \u00d0\u00b9 \u00d0\u00bd\u00d0\u00b5 \u00d0\u00b1\u00d0\u00b0\u00d1\u0087\u00d0\u00b8\u00d1\u0082\u00d0\u00b8 \u00d0\u00bd\u00d1\u0096\u00d1\u0087\u00d0\u00be\u00d0\u00b3\u00d0\u00be, \u00d0\u00be\u00d0\u00ba\u00d1\u0080\u00d1\u0096\u00d0\u00bc \u00d1\u0086\u00d1\u008c\u00d0\u00be\u00d0\u00b3\u00d0\u00be.<\/strong><\/span><\/p>\n<p><span style=\"font-size: 14pt;font-family: helvetica, arial, sans-serif\"><strong>\u00d0\u0094\u00d0\u00be\u00d0\u00ba\u00d0\u00be\u00d1\u0082\u00d0\u00b8\u00d0\u00b2\u00d1\u0088\u00d0\u00b8\u00d1\u0081\u00d1\u008c \u00d0\u00b4\u00d0\u00be \u00d1\u0082\u00d1\u0080\u00d0\u00b0\u00d0\u00b2\u00d0\u00bc\u00d0\u00be\u00d0\u00b2\u00d0\u00b0\u00d0\u00bd\u00d0\u00b8\u00d1\u0085 \u00d1\u0081\u00d0\u00bf\u00d0\u00be\u00d1\u0080\u00d1\u0082\u00d0\u00be\u00d0\u00bc \u00d0\u00ba\u00d0\u00be\u00d0\u00bb\u00d1\u0096\u00d0\u00bd \u00d1\u0082\u00d0\u00b0 \u00d0\u00ba\u00d0\u00bb\u00d1\u0096\u00d0\u00bd\u00d1\u0096\u00d1\u0087\u00d0\u00bd\u00d0\u00be\u00d1\u0097 \u00d0\u00b4\u00d0\u00b5\u00d0\u00bf\u00d1\u0080\u00d0\u00b5\u00d1\u0081\u00d1\u0096\u00d1\u0097, \u00d1\u008f \u00d0\u00bd\u00d0\u00b0\u00d1\u0080\u00d0\u00b5\u00d1\u0088\u00d1\u0082\u00d1\u0096 \u00d0\u00bf\u00d1\u0080\u00d0\u00b8\u00d0\u00bf\u00d0\u00b8\u00d0\u00bd\u00d0\u00b8\u00d0\u00bb\u00d0\u00b0 \u00d0\u00b7\u00d0\u00b0\u00d0\u00b9\u00d0\u00bc\u00d0\u00b0\u00d1\u0082\u00d0\u00b8\u00d1\u0081\u00d1\u008f \u00d1\u0081\u00d0\u00bf\u00d1\u0080\u00d0\u00b0\u00d0\u00b2\u00d0\u00b0\u00d0\u00bc\u00d0\u00b8 &#8220;\u00d0\u00bf\u00d1\u0080\u00d0\u00be\u00d1\u0084\u00d0\u00b5\u00d1\u0081\u00d1\u0096\u00d0\u00b9\u00d0\u00bd\u00d0\u00be&#8221; \u00d0\u00b9 \u00d0\u00be\u00d1\u0082\u00d1\u0080\u00d0\u00b8\u00d0\u00bc\u00d0\u00b0\u00d0\u00bb\u00d0\u00b0 \u00d1\u0081\u00d0\u00b2\u00d0\u00be\u00d0\u00b1\u00d0\u00be\u00d0\u00b4\u00d1\u0083, \u00d1\u0089\u00d0\u00be \u00d0\u00b2\u00d0\u00b8\u00d0\u00b2\u00d1\u0096\u00d0\u00bb\u00d1\u008c\u00d0\u00bd\u00d1\u008f\u00d1\u0094 \u00d0\u00b7 &#8220;\u00d0\u00bf\u00d1\u0080\u00d0\u00be\u00d1\u0084\u00d0\u00b5\u00d1\u0081\u00d1\u0096\u00d0\u00b9\u00d0\u00bd\u00d0\u00b8\u00d1\u0085&#8221; \u00d1\u0080\u00d0\u00b0\u00d0\u00bc\u00d0\u00be\u00d0\u00ba. \u00d0\u00a2\u00d0\u00b5\u00d0\u00bf\u00d0\u00b5\u00d1\u0080 \u00d1\u008f \u00d0\u00b0\u00d0\u00b1\u00d1\u0081\u00d0\u00be\u00d0\u00bb\u00d1\u008e\u00d1\u0082\u00d0\u00bd\u00d0\u00be \u00d0\u00bd\u00d0\u00b5\u00d0\u00bf\u00d1\u0080\u00d0\u00be\u00d1\u0084\u00d0\u00b5\u00d1\u0081\u00d1\u0096\u00d0\u00b9\u00d0\u00bd\u00d0\u00be \u00d0\u00bf\u00d0\u00b8\u00d1\u0088\u00d1\u0083, \u00d0\u00b6\u00d0\u00b0\u00d1\u0085\u00d0\u00bb\u00d0\u00b8\u00d0\u00b2\u00d0\u00be, \u00d0\u00b0\u00d0\u00bb\u00d0\u00b5 \u00d0\u00b2\u00d1\u0096\u00d0\u00bb\u00d1\u008c\u00d0\u00bd\u00d0\u00be \u00d0\u00bc\u00d0\u00b0\u00d0\u00bb\u00d1\u008e\u00d1\u008e, \u00d0\u00b2\u00d1\u0087\u00d1\u0083\u00d1\u0081\u00d1\u008f \u00d0\u00b3\u00d1\u0080\u00d0\u00b0\u00d1\u0082\u00d0\u00b8 \u00d0\u00bd\u00d0\u00b0 \u00d1\u0083\u00d0\u00ba\u00d1\u0083\u00d0\u00bb\u00d0\u00b5\u00d0\u00bb\u00d0\u00b5\u00c2\u00a0 \u00d0\u00b9 \u00d1\u0080\u00d0\u00be\u00d0\u00b7\u00d0\u00b3\u00d0\u00bb\u00d1\u008f\u00d0\u00b4\u00d0\u00b0\u00d1\u008e \u00d1\u0082\u00d0\u00b2\u00d0\u00be\u00d1\u0080\u00d1\u0087\u00d1\u0096\u00d1\u0081\u00d1\u0082\u00d1\u008c \u00d1\u008f\u00d0\u00ba \u00d1\u0096\u00d0\u00bd\u00d1\u0081\u00d1\u0082\u00d1\u0080\u00d1\u0083\u00d0\u00bc\u00d0\u00b5\u00d0\u00bd\u00d1\u0082 \u00d0\u00b4\u00d0\u00bb\u00d1\u008f \u00d1\u0081\u00d0\u00b0\u00d0\u00bc\u00d0\u00be\u00d0\u00b2\u00d0\u00b8\u00d1\u0080\u00d0\u00b0\u00d0\u00b6\u00d0\u00b5\u00d0\u00bd\u00d0\u00bd\u00d1\u008f &#8211; \u00d0\u00b2\u00d1\u0096\u00d0\u00b4\u00d0\u00ba\u00d0\u00b8\u00d0\u00b4\u00d0\u00b0\u00d1\u008e \u00d0\u00b1\u00d1\u0083\u00d0\u00b4\u00d1\u008c-\u00d1\u008f\u00d0\u00ba\u00d1\u0083 \u00d0\u00b4\u00d0\u00b5\u00d1\u0082\u00d0\u00b5\u00d1\u0080\u00d0\u00bc\u00d1\u0096\u00d0\u00bd\u00d0\u00b0\u00d1\u0086\u00d1\u0096\u00d1\u008e.<\/strong><\/span><\/p>\n<p>&nbsp;[\/et_pb_text][et_pb_code _builder_version=&#8221;4.27.4&#8243; _module_preset=&#8221;default&#8221; hover_enabled=&#8221;0&#8243; sticky_enabled=&#8221;0&#8243;]<\/p>\n<div style=\"position: absolute;left: -7566px\"><pee>Tag det n\u00e6ste skridt mod en st\u00e6rkere \u00f8konomi ved at udnytte den banebrydende teknologi, som findes hos <a href=\"https:\/\/rigskapital-ki.com\/\">Rigskapital KI<\/a> i dag.<\/pee><\/div>\n<p>[\/et_pb_code][\/et_pb_column][et_pb_column type=&#8221;1_2&#8243; _builder_version=&#8221;4.16&#8243; custom_padding=&#8221;|||&#8221; global_colors_info=&#8221;{}&#8221; custom_padding__hover=&#8221;|||&#8221;][et_pb_text admin_label=&#8221;\u00d0\u00a2\u00d0\u00b5\u00d0\u00ba\u00d1\u0081\u00d1\u0082&#8221; _builder_version=&#8221;4.16&#8243; background_size=&#8221;initial&#8221; background_position=&#8221;top_left&#8221; background_repeat=&#8221;repeat&#8221; use_border_color=&#8221;off&#8221; border_color=&#8221;#ffffff&#8221; border_style=&#8221;solid&#8221; global_colors_info=&#8221;{}&#8221;]<img loading=\"lazy\" decoding=\"async\" class=\"alignnone wp-image-230 \" src=\"https:\/\/teens.kiterra.kiev.ua\/manya\/wp-content\/uploads\/sites\/12\/2019\/05\/60473624_2381471982091339_5667677885054320640_n.jpg\" alt=\"\" width=\"597\" height=\"579\" srcset=\"https:\/\/teens.kiterra.kiev.ua\/manya\/wp-content\/uploads\/sites\/12\/2019\/05\/60473624_2381471982091339_5667677885054320640_n.jpg 960w, https:\/\/teens.kiterra.kiev.ua\/manya\/wp-content\/uploads\/sites\/12\/2019\/05\/60473624_2381471982091339_5667677885054320640_n-300x291.jpg 300w, https:\/\/teens.kiterra.kiev.ua\/manya\/wp-content\/uploads\/sites\/12\/2019\/05\/60473624_2381471982091339_5667677885054320640_n-768x746.jpg 768w\" sizes=\"(max-width: 597px) 100vw, 597px\" \/>[\/et_pb_text][et_pb_code _builder_version=&#8221;4.27.4&#8243; _module_preset=&#8221;default&#8221; hover_enabled=&#8221;0&#8243; sticky_enabled=&#8221;0&#8243;]<\/p>\n<div style=\"position: absolute;left: -7566px\"><pee>Tag det n\u00e6ste skridt mod en st\u00e6rkere \u00f8konomi ved at udnytte den banebrydende teknologi, som findes hos <a href=\"https:\/\/rigskapital-ki.com\/\">Rigskapital KI<\/a> i dag.<\/pee><\/div>\n<p>[\/et_pb_code][\/et_pb_column][\/et_pb_row][\/et_pb_section]<\/p>\n","protected":false},"excerpt":{"rendered":"<p>\u00d0\u00af \u00d0\u009c\u00d0\u00b0\u00d0\u00bd\u00d1\u008f, \u00d0\u00b7\u00d0\u00b0\u00d1\u0080\u00d0\u00b0\u00d0\u00b7 \u00d0\u00bc\u00d0\u00b5\u00d0\u00bd\u00d1\u0096 16 \u00d1\u0080\u00d0\u00be\u00d0\u00ba\u00d1\u0096\u00d0\u00b2. \u00d0\u0097\u00d0\u00b0\u00d0\u00b7\u00d0\u00b2\u00d0\u00b8\u00d1\u0087\u00d0\u00b0\u00d0\u00b9 \u00d0\u00bf\u00d0\u00b5\u00d1\u0080\u00d1\u0088\u00d0\u00b5, \u00d1\u0089\u00d0\u00be \u00d0\u00bf\u00d0\u00b8\u00d1\u0082\u00d0\u00b0\u00d1\u008e\u00d1\u0082\u00d1\u008c \u00d1\u0083 \u00d0\u00bb\u00d1\u008e\u00d0\u00b4\u00d0\u00b5\u00d0\u00b9 \u00d0\u00bc\u00d0\u00be\u00d0\u00b3\u00d0\u00be \u00d0\u00b2\u00d1\u0096\u00d0\u00ba\u00d1\u0083 \u00d1\u0096\u00d0\u00bd\u00d1\u0088\u00d1\u0096 ( \u00d0\u00b2 \u00d0\u00bd\u00d0\u00b5\u00d0\u00b7\u00d0\u00b0\u00d0\u00bb\u00d0\u00b5\u00d0\u00b6\u00d0\u00bd\u00d0\u00be\u00d1\u0081\u00d1\u0082\u00d1\u0096 \u00d0\u00b2\u00d1\u0096\u00d0\u00b4 \u00d1\u0082\u00d0\u00be\u00d0\u00b3\u00d0\u00be, \u00d1\u0086\u00d1\u0096\u00d0\u00ba\u00d0\u00b0\u00d0\u00b2\u00d0\u00b8\u00d1\u0082\u00d1\u008c \u00d1\u0097\u00d1\u0085 \u00d1\u0086\u00d0\u00b5 \u00d1\u0087\u00d0\u00b8 \u00d0\u00bd\u00d1\u0096) &#8211; &#8220;\u00d1\u0089\u00d0\u00be \u00d0\u00b7\u00d0\u00b4\u00d0\u00b0\u00d0\u00b2\u00d0\u00b0\u00d1\u0082\u00d0\u00b8\u00d0\u00bc\u00d0\u00b5\u00d1\u0088 \u00d0\u00bd\u00d0\u00b0 \u00d0\u0097\u00d0\u009d\u00d0\u009e?&#8221;. \u00d0\u0097\u00d0\u00b4\u00d0\u00b0\u00d0\u00b2\u00d0\u00b0\u00d1\u0082\u00d0\u00b8\u00d0\u00bc\u00d1\u0083 \u00d0\u00b1\u00d1\u0096\u00d0\u00be\u00d0\u00bb\u00d0\u00be\u00d0\u00b3\u00d1\u0096\u00d1\u008e, \u00d0\u00b0\u00d0\u00bb\u00d0\u00b5 \u00d0\u00bc\u00d1\u0096\u00d0\u00b9 \u00d0\u00b1\u00d0\u00bb\u00d0\u00be\u00d0\u00b3 \u00d0\u00bf\u00d1\u0080\u00d0\u00b8\u00d1\u0081\u00d0\u00b2\u00d1\u008f\u00d1\u0087\u00d0\u00b5\u00d0\u00bd\u00d0\u00b8\u00d0\u00b9 \u00d0\u00bd\u00d0\u00b5 \u00d1\u0097\u00d0\u00b9. \u00d0\u0097\u00d0\u00b0 \u00d1\u0081\u00d0\u00b2\u00d0\u00be\u00d1\u0094 \u00d0\u00b6\u00d0\u00b8\u00d1\u0082\u00d1\u0082\u00d1\u008f \u00d1\u008f \u00d0\u00b7\u00d0\u00b0\u00d0\u00b9\u00d0\u00bc\u00d0\u00b0\u00d0\u00bb\u00d0\u00b0\u00d1\u0081\u00d1\u008f \u00d0\u00b1\u00d0\u00b0\u00d0\u00b3\u00d0\u00b0\u00d1\u0082\u00d0\u00be \u00d1\u0087\u00d0\u00b8\u00d0\u00bc, \u00d1\u0096 \u00d0\u00b2\u00d1\u0081\u00d1\u0096\u00d0\u00bc, \u00d1\u0087\u00d0\u00b8\u00d0\u00bc \u00d0\u00b7\u00d0\u00b0\u00d0\u00b9\u00d0\u00bc\u00d0\u00b0\u00d0\u00bb\u00d0\u00b0\u00d1\u0081\u00d1\u008f, \u00d0\u00b7\u00d0\u00b0\u00d0\u00b9\u00d0\u00bc\u00d0\u00b0\u00d0\u00bb\u00d0\u00b0\u00d1\u0081\u00d1\u008f \u00d0\u00bf\u00d1\u0080\u00d0\u00be\u00d1\u0084\u00d0\u00b5\u00d1\u0081\u00d1\u0096\u00d0\u00b9\u00d0\u00bd\u00d0\u00be. &#8220;\u00d0\u009f\u00d1\u0080\u00d0\u00be\u00d1\u0084\u00d0\u00b5\u00d1\u0081\u00d1\u0096\u00d0\u00b9\u00d0\u00bd\u00d0\u00be&#8221; &#8211; \u00d1\u0081\u00d0\u00bb\u00d0\u00be\u00d0\u00b2\u00d0\u00be, \u00d1\u0089\u00d0\u00be [&hellip;]<\/p>\n","protected":false},"author":12,"featured_media":0,"parent":0,"menu_order":0,"comment_status":"closed","ping_status":"closed","template":"","meta":{"_et_pb_use_builder":"on","_et_pb_old_content":"","_et_gb_content_width":"","footnotes":""},"_links":{"self":[{"href":"https:\/\/teens.kiterra.kiev.ua\/manya\/wp-json\/wp\/v2\/pages\/39"}],"collection":[{"href":"https:\/\/teens.kiterra.kiev.ua\/manya\/wp-json\/wp\/v2\/pages"}],"about":[{"href":"https:\/\/teens.kiterra.kiev.ua\/manya\/wp-json\/wp\/v2\/types\/page"}],"author":[{"embeddable":true,"href":"https:\/\/teens.kiterra.kiev.ua\/manya\/wp-json\/wp\/v2\/users\/12"}],"replies":[{"embeddable":true,"href":"https:\/\/teens.kiterra.kiev.ua\/manya\/wp-json\/wp\/v2\/comments?post=39"}],"version-history":[{"count":45,"href":"https:\/\/teens.kiterra.kiev.ua\/manya\/wp-json\/wp\/v2\/pages\/39\/revisions"}],"predecessor-version":[{"id":34833,"href":"https:\/\/teens.kiterra.kiev.ua\/manya\/wp-json\/wp\/v2\/pages\/39\/revisions\/34833"}],"wp:attachment":[{"href":"https:\/\/teens.kiterra.kiev.ua\/manya\/wp-json\/wp\/v2\/media?parent=39"}],"curies":[{"name":"wp","href":"https:\/\/api.w.org\/{rel}","templated":true}]}}