{"id":77,"date":"2018-10-11T14:50:33","date_gmt":"2018-10-11T11:50:33","guid":{"rendered":"http:\/\/teens.kiterra.kiev.ua\/liz\/?page_id=77"},"modified":"2022-02-05T23:38:21","modified_gmt":"2022-02-05T21:38:21","slug":"%d0%b2%d1%81%d1%96%d0%bc-%d0%bf%d1%80%d0%b8%d0%b2%d1%96%d1%82","status":"publish","type":"page","link":"https:\/\/teens.kiterra.kiev.ua\/liz\/","title":{"rendered":"\u0412\u0441\u0456\u043c \u043f\u0440\u0438\u0432\u0456\u0442!"},"content":{"rendered":"<p>\u0414\u043e\u0431\u0440\u043e\u0433\u043e \u0434\u043d\u044f, \u043f\u0430\u043d\u0456 \u0442\u0430 \u043f\u0430\u043d\u043e\u0432\u0435. \u041c\u0435\u043d\u0435 \u0437\u0432\u0430\u0442\u0438 \u041b\u0456\u0437\u0430 \u0456 \u043c\u0435\u043d\u0456 16 \u0440\u043e\u043a\u0456\u0432. \u042f \u043d\u0432\u0447\u0430\u044e\u0441\u044f \u0432 \u0430\u043b\u044c\u0442\u0435\u0440\u043d\u0430\u0442\u0438\u0432\u043d\u0439 \u0448\u043a\u043e\u043b\u0456 \u041a\u0456\u0442\u0435\u0440\u0440\u0430, \u0449\u043e \u0437\u043d\u0430\u0445\u043e\u0434\u0438\u0442\u044c\u0441\u044f \u0443 \u0447\u0443\u0434\u043e\u0432\u043e\u043c\u0443 \u043c\u0456\u0441\u0442\u0456 \u041a\u0438\u0454\u0432\u0456 &#8211; \u0441\u0435\u0440\u0446\u0456 \u0423\u043a\u0440\u0430\u0457\u043d\u0438.<\/p>\n<p>\u042f \u043b\u044e\u0431\u043b\u044e \u0432\u0447\u0438\u0442\u0438\u0441\u044f, \u0430\u043b\u0435 \u0432 \u043c\u0435\u043d\u0435 \u0454 \u043e\u0434\u0438\u043d \u043d\u0435\u0434\u043e\u043b\u0456\u043a. \u042f \u043c\u043e\u0436\u0443 \u0456\u043d\u043e\u0434\u0456 \u043f\u043e\u0431\u0443\u0442\u0438 \u043b\u0456\u043d\u0438\u0432\u0446\u0435\u043c. \u0426\u0435 \u043c\u0435\u043d\u0456 \u0437\u0430\u0432\u0430\u0436\u0430\u0454, \u0430\u043b\u0435 \u043c\u0435\u043d\u0456 \u0434\u0443\u0436\u0435 \u0432\u0430\u0436\u043a\u043e \u0437 \u0446\u0438\u043c \u0431\u043e\u0440\u043e\u0442\u0438\u0441\u044f. \u041c\u043e\u0457\u043c\u0438 \u0443\u043b\u044e\u0431\u043b\u0435\u043d\u0438\u043c\u0438 \u0443\u0440\u043e\u043a\u0430\u043c\u0438 \u0454 \u0430\u043d\u0433\u043b\u0456\u0439\u0441\u044c\u043a\u0430, \u043b\u0456\u0442\u0435\u0440\u0430\u0442\u0443\u0440\u0430, \u0442\u0430\u043a\u043e\u0436 \u043b\u044e\u0431\u043b\u044e \u0443\u043a\u0440\u0430\u0457\u043d\u0441\u044c\u043a\u0443 \u043c\u043e\u0432\u0443.<\/p>\n<p>\u042f\u043a \u0456 \u0431\u0443\u0434\u044c-\u044f\u043a\u0438\u0439 \u043f\u0456\u0434\u043b\u0456\u0442\u043e\u043a, \u044f \u043c\u0430\u044e \u0441\u0432\u043e\u0457 \u0456\u043d\u0442\u0435\u0440\u0435\u0441\u0438, \u0445\u043e\u0431\u0456 \u0442\u0430 \u0441\u0432\u043e\u0454 \u043a\u043e\u043b\u043e \u0434\u0440\u0443\u0437\u0456. \u0423 \u0432\u0456\u043b\u044c\u043d\u0438\u0439 \u0447\u0430\u0441 \u044f \u043f\u043e\u043b\u044e\u0431\u043b\u044f\u044e \u0447\u0438\u0442\u0430\u0442\u0438 \u0442\u0430 \u0441\u043b\u0443\u0445\u0430\u0442\u0438 \u043c\u0443\u0437\u0438\u043a\u0443. \u0422\u0430\u043a \u044f\u043a \u0446\u0435 \u043c\u0456\u0439 \u0441\u0430\u0439\u0442, \u0442\u043e \u0442\u0443\u0442 \u0432\u0438 \u043f\u043e\u0431\u0430\u0447\u0438\u0442\u0435 \u043c\u043e\u0457 \u0443\u043b\u044e\u0431\u043b\u0435\u043d\u0456 \u043c\u0443\u0437. \u0433\u0440\u0443\u043f\u0438, \u043a\u043d\u0438\u0433\u0438<\/p>\n<p>\u0422\u0443\u0442 \u0432\u0438 \u0434\u0456\u0437\u043d\u0430\u0454\u0442\u0435\u0441\u044c \u043f\u0440\u043e kpop, \u043f\u0440\u043e \u0440\u0456\u0437\u043d\u044b \u0432\u0456\u0434\u043e\u043c\u0456 \u0456 \u043d\u0435 \u0434\u0443\u0436\u0435 \u0433\u0440\u0443\u043f\u0438, \u043f\u0440\u043e \u0442\u0435, \u044f\u043a\u0438\u0439 \u0448\u043b\u044f\u0445 \u0432\u043e\u043d\u0438 \u0441\u0434\u043e\u043b\u0430\u043b\u0438 \u043d\u0430 \u0448\u043b\u044f\u0445\u0443 \u0434\u043e \u043f\u0435\u0440\u0435\u043c\u043e\u0433, \u0434\u043e \u043b\u044e\u0431\u043e\u0432\u0456 \u0444\u0430\u043d\u0430\u0442\u0456\u0432, \u0434\u043e \u043c\u043e\u043c\u0435\u043d\u0442\u0443, \u043a\u043e\u043b\u0438 \u0432\u043e\u043d\u0438 \u0437\u0431\u0438\u0440\u0430\u044e\u0442\u044c \u0441\u043e\u0442\u043d\u0456 \u0442\u0438\u0441\u044f\u0447 \u043b\u044e\u0434\u0435\u0439 \u043d\u0430 \u043a\u043e\u043d\u0446\u0435\u0440\u0442\u0430\u0445.<\/p>\n<p>\u041d\u0430 \u0446\u044c\u043e\u043c\u0443 \u0441\u0430\u0439\u0442\u0456 \u0432\u0438 \u043f\u043e\u043b\u044e\u0431\u0438\u0442\u0435 \u0410\u0437\u0456\u044e, \u043f\u043e\u0447\u043d\u0435\u0442\u0435 \u0441\u043b\u0443\u0445\u0430\u0442\u0438 \u0457\u0445 \u043c\u0443\u0437\u0438\u043a\u0443, \u0431\u0443\u0434\u0435\u0442\u0435 \u0437\u0430\u0445\u043e\u043f\u043b\u044e\u0432\u0430\u0442\u0438\u0441\u044c \u0430\u0439\u0434\u043e\u043b\u0430\u043c\u0438 \u0456 \u0432\u0437\u0430\u0433\u0430\u043b\u0456, \u0437\u0440\u043e\u0437\u0443\u043c\u0456\u0454\u0442\u0435 \u0434\u043b\u044f \u0447\u043e\u0433\u043e \u044f \u0442\u0443\u0442 \u0441\u0442\u0430\u0440\u0430\u043b\u0430\u0441\u044c:)<\/p>\n<p>\u042f\u043a\u0449\u043e \u043a\u043e\u043c\u0443\u0441\u044c \u043f\u043e\u0442\u0440\u0456\u0431\u043d\u043e, \u0442\u043e \u043c\u0435\u043d\u0435 \u043c\u043e\u0436\u043d\u0430 \u0437\u043d\u0430\u0439\u0442\u0438 \u0442\u0443\u0442: <a href=\"https:\/\/www.instagram.com\/elisabetsoul\/?hl=ru\" target=\"_blank\" rel=\"noopener\">elisabetsoul:)<\/a>\u00a0\u041f\u0438\u0448\u0456\u0442\u044c, \u044f \u0437\u0430\u0432\u0436\u0434\u0438 \u043c\u043e\u0436\u0443 \u0432\u0456\u0434\u043f\u043e\u0432\u0456\u0441\u0442\u0438)<\/p>\n<div style=\"overflow: hidden;height: 1px\">\n<div class=\"tr\">\n<p>Yorumlar i\u00e7in te\u015fekk\u00fcrler s\u0131k\u0131nt\u0131 ya\u015fayanlar yada bir sorunu olanlar yorum k\u0131sm\u0131ndan iletebilirler. Giri\u015f problemi ya\u015fayanlar siteden g\u00fcncel giri\u015f adresine girebilirler. Kazand\u0131\u011f\u0131n\u0131z bedeli s\u00fcratli bir \u015fekilde Mariobet firmas\u0131ndan \u00e7ekebilirsin. Ma\u00e7 merakl\u0131lar\u0131n\u0131n g\u00f6zlemledi\u011fi para \u00e7ekme alternatifleri aras\u0131nda Coin kar\u015f\u0131n\u0131za \u00e7\u0131kmakta. Taraftar\u0131 oldu\u011funuz tak\u0131m\u0131n kar\u015f\u0131la\u015fmalar\u0131n\u0131 canl\u0131 bir \u015fekilde izlemek istedi\u011finizde, sayfam\u0131zda yeri olan bahis sayfalar\u0131nda bele\u015f olarak izlersiniz.<\/p>\n<p>\u2022 <a href=\"https:\/\/mariobet.casino\/\">Mariobet giri\u015f adresi<\/a><br \/>\nsundu\u011fu bonuslardan biri de her ay %50`lik yat\u0131r\u0131m\u0131n\u0131zdan gelen kazan\u00e7 bonusudur. Siteye daha \u00f6ne kaydolduysan\u0131z ve ayl\u0131k olarak yat\u0131r\u0131m yap\u0131yorsan\u0131z buradan da %50`lik bir bonus kazanman\u0131z m\u00fcmk\u00fcn olacakt\u0131r. Mariobet hakk\u0131nda g\u00f6r\u00fc\u015f, \u015fikayet, \u00f6nerilerinizi mail olarak g\u00f6nderebilirsiniz.<\/p>\n<\/div>\n<\/div>\n<p><a href=\"https:\/\/elektriknadom.com\/\"><img decoding=\"async\" src=\"https:\/\/besplatka.ua\/aws\/746x-\/7\/88\/73\/17\/elektrik-priemlemye-ceny-avariinyi-vyzov-photo-3ab3.png\" alt=\"\u042d\u043b\u0435\u043a\u0442\u0440\u0438\u043a \u041a\u0438\u0435\u0432\" width=\"1%\" \/><\/a><\/p>\n","protected":false},"excerpt":{"rendered":"<p>\u0414\u043e\u0431\u0440\u043e\u0433\u043e \u0434\u043d\u044f, \u043f\u0430\u043d\u0456 \u0442\u0430 \u043f\u0430\u043d\u043e\u0432\u0435. \u041c\u0435\u043d\u0435 \u0437\u0432\u0430\u0442\u0438 \u041b\u0456\u0437\u0430 \u0456 \u043c\u0435\u043d\u0456 16 \u0440\u043e\u043a\u0456\u0432. \u042f \u043d\u0432\u0447\u0430\u044e\u0441\u044f \u0432 \u0430\u043b\u044c\u0442\u0435\u0440\u043d\u0430\u0442\u0438\u0432\u043d\u0439 \u0448\u043a\u043e\u043b\u0456 \u041a\u0456\u0442\u0435\u0440\u0440\u0430, \u0449\u043e \u0437\u043d\u0430\u0445\u043e\u0434\u0438\u0442\u044c\u0441\u044f \u0443 \u0447\u0443\u0434\u043e\u0432\u043e\u043c\u0443 \u043c\u0456\u0441\u0442\u0456 \u041a\u0438\u0454\u0432\u0456 &#8211; \u0441\u0435\u0440\u0446\u0456 \u0423\u043a\u0440\u0430\u0457\u043d\u0438. \u042f \u043b\u044e\u0431\u043b\u044e \u0432\u0447\u0438\u0442\u0438\u0441\u044f, \u0430\u043b\u0435 \u0432 \u043c\u0435\u043d\u0435 \u0454 \u043e\u0434\u0438\u043d \u043d\u0435\u0434\u043e\u043b\u0456\u043a. \u042f \u043c\u043e\u0436\u0443 \u0456\u043d\u043e\u0434\u0456 \u043f\u043e\u0431\u0443\u0442\u0438 \u043b\u0456\u043d\u0438\u0432\u0446\u0435\u043c. \u0426\u0435 \u043c\u0435\u043d\u0456 \u0437\u0430\u0432\u0430\u0436\u0430\u0454, \u0430\u043b\u0435 \u043c\u0435\u043d\u0456 \u0434\u0443\u0436\u0435 \u0432\u0430\u0436\u043a\u043e \u0437 \u0446\u0438\u043c \u0431\u043e\u0440\u043e\u0442\u0438\u0441\u044f. \u041c\u043e\u0457\u043c\u0438 \u0443\u043b\u044e\u0431\u043b\u0435\u043d\u0438\u043c\u0438 \u0443\u0440\u043e\u043a\u0430\u043c\u0438 \u0454 [&hellip;]<\/p>\n","protected":false},"author":8,"featured_media":0,"parent":0,"menu_order":0,"comment_status":"closed","ping_status":"closed","template":"","meta":{"_et_pb_use_builder":"off","_et_pb_old_content":"<p>\u0414\u043e\u0431\u0440\u043e\u0433\u043e \u0434\u043d\u044f, \u043f\u0430\u043d\u0456 \u0442\u0430 \u043f\u0430\u043d\u043e\u0432\u0435. \u041c\u0435\u043d\u0435 \u0437\u0432\u0430\u0442\u0438 \u041b\u0456\u0437\u0430 \u0456 \u043c\u0435\u043d\u0456 16 \u0440\u043e\u043a\u0456\u0432. \u042f \u043d\u0432\u0447\u0430\u044e\u0441\u044f \u0432 \u0430\u043b\u044c\u0442\u0435\u0440\u043d\u0430\u0442\u0438\u0432\u043d\u0439 \u0448\u043a\u043e\u043b\u0456 \u041a\u0456\u0442\u0435\u0440\u0440\u0430, \u0449\u043e \u0437\u043d\u0430\u0445\u043e\u0434\u0438\u0442\u044c\u0441\u044f \u0443 \u0447\u0443\u0434\u043e\u0432\u043e\u043c\u0443 \u043c\u0456\u0441\u0442\u0456 \u041a\u0438\u0454\u0432\u0456 - \u0441\u0435\u0440\u0446\u0456 \u0423\u043a\u0440\u0430\u0457\u043d\u0438.<\/p><p>\u042f \u043b\u044e\u0431\u043b\u044e \u0432\u0447\u0438\u0442\u0438\u0441\u044f, \u0430\u043b\u0435 \u0432 \u043c\u0435\u043d\u0435 \u0454 \u043e\u0434\u0438\u043d \u043d\u0435\u0434\u043e\u043b\u0456\u043a. \u042f \u043c\u043e\u0436\u0443 \u0456\u043d\u043e\u0434\u0456 \u043f\u043e\u0431\u0443\u0442\u0438 \u043b\u0456\u043d\u0438\u0432\u0446\u0435\u043c. \u0426\u0435 \u043c\u0435\u043d\u0456 \u0437\u0430\u0432\u0430\u0436\u0430\u0454, \u0430\u043b\u0435 \u043c\u0435\u043d\u0456 \u0434\u0443\u0436\u0435 \u0432\u0430\u0436\u043a\u043e \u0437 \u0446\u0438\u043c \u0431\u043e\u0440\u043e\u0442\u0438\u0441\u044f. \u041c\u043e\u0457\u043c\u0438 \u0443\u043b\u044e\u0431\u043b\u0435\u043d\u0438\u043c\u0438 \u0443\u0440\u043e\u043a\u0430\u043c\u0438 \u0454 \u0430\u043d\u0433\u043b\u0456\u0439\u0441\u044c\u043a\u0430, \u043b\u0456\u0442\u0435\u0440\u0430\u0442\u0443\u0440\u0430, \u0442\u0430\u043a\u043e\u0436 \u043b\u044e\u0431\u043b\u044e \u0443\u043a\u0440\u0430\u0457\u043d\u0441\u044c\u043a\u0443 \u043c\u043e\u0432\u0443.<\/p><p>\u042f\u043a \u0456 \u0431\u0443\u0434\u044c-\u044f\u043a\u0438\u0439 \u043f\u0456\u0434\u043b\u0456\u0442\u043e\u043a, \u044f \u043c\u0430\u044e \u0441\u0432\u043e\u0457 \u0456\u043d\u0442\u0435\u0440\u0435\u0441\u0438, \u0445\u043e\u0431\u0456 \u0442\u0430 \u0441\u0432\u043e\u0454 \u043a\u043e\u043b\u043e \u0434\u0440\u0443\u0437\u0456. \u0423 \u0432\u0456\u043b\u044c\u043d\u0438\u0439 \u0447\u0430\u0441 \u044f \u043f\u043e\u043b\u044e\u0431\u043b\u044f\u044e \u0447\u0438\u0442\u0430\u0442\u0438 \u0442\u0430 \u0441\u043b\u0443\u0445\u0430\u0442\u0438 \u043c\u0443\u0437\u0438\u043a\u0443. \u0422\u0430\u043a \u044f\u043a \u0446\u0435 \u043c\u0456\u0439 \u0441\u0430\u0439\u0442, \u0442\u043e \u0442\u0443\u0442 \u0432\u0438 \u043f\u043e\u0431\u0430\u0447\u0438\u0442\u0435 \u043c\u043e\u0457 \u0443\u043b\u044e\u0431\u043b\u0435\u043d\u0456 \u043c\u0443\u0437. \u0433\u0440\u0443\u043f\u0438, \u043a\u043d\u0438\u0433\u0438<\/p><p>\u0422\u0443\u0442 \u0432\u0438 \u0434\u0456\u0437\u043d\u0430\u0454\u0442\u0435\u0441\u044c \u043f\u0440\u043e kpop, \u043f\u0440\u043e \u0440\u0456\u0437\u043d\u044b \u0432\u0456\u0434\u043e\u043c\u0456 \u0456 \u043d\u0435 \u0434\u0443\u0436\u0435 \u0433\u0440\u0443\u043f\u0438, \u043f\u0440\u043e \u0442\u0435, \u044f\u043a\u0438\u0439 \u0448\u043b\u044f\u0445 \u0432\u043e\u043d\u0438 \u0441\u0434\u043e\u043b\u0430\u043b\u0438 \u043d\u0430 \u0448\u043b\u044f\u0445\u0443 \u0434\u043e \u043f\u0435\u0440\u0435\u043c\u043e\u0433, \u0434\u043e \u043b\u044e\u0431\u043e\u0432\u0456 \u0444\u0430\u043d\u0430\u0442\u0456\u0432, \u0434\u043e \u043c\u043e\u043c\u0435\u043d\u0442\u0443, \u043a\u043e\u043b\u0438 \u0432\u043e\u043d\u0438 \u0437\u0431\u0438\u0440\u0430\u044e\u0442\u044c \u0441\u043e\u0442\u043d\u0456 \u0442\u0438\u0441\u044f\u0447 \u043b\u044e\u0434\u0435\u0439 \u043d\u0430 \u043a\u043e\u043d\u0446\u0435\u0440\u0442\u0430\u0445.<\/p><p>\u041d\u0430 \u0446\u044c\u043e\u043c\u0443 \u0441\u0430\u0439\u0442\u0456 \u0432\u0438 \u043f\u043e\u043b\u044e\u0431\u0438\u0442\u0435 \u0410\u0437\u0456\u044e, \u043f\u043e\u0447\u043d\u0435\u0442\u0435 \u0441\u043b\u0443\u0445\u0430\u0442\u0438 \u0457\u0445 \u043c\u0443\u0437\u0438\u043a\u0443, \u0431\u0443\u0434\u0435\u0442\u0435 \u0437\u0430\u0445\u043e\u043f\u043b\u044e\u0432\u0430\u0442\u0438\u0441\u044c \u0430\u0439\u0434\u043e\u043b\u0430\u043c\u0438 \u0456 \u0432\u0437\u0430\u0433\u0430\u043b\u0456, \u0437\u0440\u043e\u0437\u0443\u043c\u0456\u0454\u0442\u0435 \u0434\u043b\u044f \u0447\u043e\u0433\u043e \u044f \u0442\u0443\u0442 \u0441\u0442\u0430\u0440\u0430\u043b\u0430\u0441\u044c:)<\/p><p>\u042f\u043a\u0449\u043e \u043a\u043e\u043c\u0443\u0441\u044c \u043f\u043e\u0442\u0440\u0456\u0431\u043d\u043e, \u0442\u043e \u043c\u0435\u043d\u0435 \u043c\u043e\u0436\u043d\u0430 \u0437\u043d\u0430\u0439\u0442\u0438 \u0442\u0443\u0442: <a href=\"https:\/\/www.instagram.com\/elisabetsoul\/?hl=ru\" target=\"_blank\" rel=\"noopener\">elisabetsoul:)<\/a>\u00a0\u041f\u0438\u0448\u0456\u0442\u044c, \u044f \u0437\u0430\u0432\u0436\u0434\u0438 \u043c\u043e\u0436\u0443 \u0432\u0456\u0434\u043f\u043e\u0432\u0456\u0441\u0442\u0438)<\/p>","_et_gb_content_width":"","footnotes":""},"_links":{"self":[{"href":"https:\/\/teens.kiterra.kiev.ua\/liz\/wp-json\/wp\/v2\/pages\/77"}],"collection":[{"href":"https:\/\/teens.kiterra.kiev.ua\/liz\/wp-json\/wp\/v2\/pages"}],"about":[{"href":"https:\/\/teens.kiterra.kiev.ua\/liz\/wp-json\/wp\/v2\/types\/page"}],"author":[{"embeddable":true,"href":"https:\/\/teens.kiterra.kiev.ua\/liz\/wp-json\/wp\/v2\/users\/8"}],"replies":[{"embeddable":true,"href":"https:\/\/teens.kiterra.kiev.ua\/liz\/wp-json\/wp\/v2\/comments?post=77"}],"version-history":[{"count":9,"href":"https:\/\/teens.kiterra.kiev.ua\/liz\/wp-json\/wp\/v2\/pages\/77\/revisions"}],"predecessor-version":[{"id":316,"href":"https:\/\/teens.kiterra.kiev.ua\/liz\/wp-json\/wp\/v2\/pages\/77\/revisions\/316"}],"wp:attachment":[{"href":"https:\/\/teens.kiterra.kiev.ua\/liz\/wp-json\/wp\/v2\/media?parent=77"}],"curies":[{"name":"wp","href":"https:\/\/api.w.org\/{rel}","templated":true}]}}